{"id":3202,"date":"2026-01-09T12:30:19","date_gmt":"2026-01-09T12:30:19","guid":{"rendered":"https:\/\/weeve.ca\/blogue\/"},"modified":"2026-03-25T14:30:09","modified_gmt":"2026-03-25T14:30:09","slug":"blogue","status":"publish","type":"page","link":"https:\/\/weeve.ca\/fr\/blogue\/","title":{"rendered":"Blogue"},"content":{"rendered":"\t\t<div data-elementor-type=\"wp-page\" data-elementor-id=\"3202\" class=\"elementor elementor-3202 elementor-30\" data-elementor-post-type=\"page\">\n\t\t\t\t<div class=\"elementor-element elementor-element-02c29c4 e-flex e-con-boxed e-con e-parent\" data-id=\"02c29c4\" data-element_type=\"container\" data-e-type=\"container\">\n\t\t\t\t\t<div class=\"e-con-inner\">\n\t\t\t\t<div class=\"elementor-element elementor-element-2590ff2 elementor-widget elementor-widget-heading\" data-id=\"2590ff2\" data-element_type=\"widget\" data-e-type=\"widget\" data-widget_type=\"heading.default\">\n\t\t\t\t\t<h2 class=\"elementor-heading-title elementor-size-default\">Blogue<\/h2>\t\t\t\t<\/div>\n\t\t\t\t\t<\/div>\n\t\t\t\t<\/div>\n\t\t<div class=\"elementor-element elementor-element-be81347 e-flex e-con-boxed e-con e-parent\" data-id=\"be81347\" data-element_type=\"container\" data-e-type=\"container\" data-settings=\"{&quot;background_background&quot;:&quot;classic&quot;}\">\n\t\t\t\t\t<div class=\"e-con-inner\">\n\t\t\t\t<div class=\"elementor-element elementor-element-aef21a5 elementor-grid-2 elementor-grid-tablet-1 elementor-posts--thumbnail-left elementor-posts--align-left blogs-custom-design elementor-grid-mobile-1 elementor-widget elementor-widget-posts\" data-id=\"aef21a5\" data-element_type=\"widget\" data-e-type=\"widget\" data-settings=\"{&quot;classic_columns&quot;:&quot;2&quot;,&quot;classic_columns_tablet&quot;:&quot;1&quot;,&quot;classic_row_gap_tablet&quot;:{&quot;unit&quot;:&quot;px&quot;,&quot;size&quot;:10,&quot;sizes&quot;:[]},&quot;pagination_type&quot;:&quot;load_more_infinite_scroll&quot;,&quot;classic_columns_mobile&quot;:&quot;1&quot;,&quot;classic_row_gap&quot;:{&quot;unit&quot;:&quot;px&quot;,&quot;size&quot;:35,&quot;sizes&quot;:[]},&quot;classic_row_gap_mobile&quot;:{&quot;unit&quot;:&quot;px&quot;,&quot;size&quot;:&quot;&quot;,&quot;sizes&quot;:[]},&quot;load_more_spinner&quot;:{&quot;value&quot;:&quot;fas fa-spinner&quot;,&quot;library&quot;:&quot;fa-solid&quot;}}\" data-widget_type=\"posts.classic\">\n\t\t\t\t<div class=\"elementor-widget-container\">\n\t\t\t\t\t\t\t<div class=\"elementor-posts-container elementor-posts elementor-posts--skin-classic elementor-grid\" role=\"list\">\n\t\t\t\t<article class=\"elementor-post elementor-grid-item post-3809 post type-post status-publish format-standard has-post-thumbnail hentry category-non-classe\" role=\"listitem\">\n\t\t\t\t<a class=\"elementor-post__thumbnail__link\" href=\"https:\/\/weeve.ca\/fr\/pourquoi-la-location-dune-voiture-electrique-pour-uber-est-un-choix-gagnant-%e2%9a%a1\/\" tabindex=\"-1\" >\n\t\t\t<div class=\"elementor-post__thumbnail\"><img fetchpriority=\"high\" decoding=\"async\" width=\"1582\" height=\"1046\" src=\"https:\/\/weeve.ca\/wp-content\/uploads\/2026\/02\/electrique-gagnant.jpg\" class=\"attachment-full size-full wp-image-3763\" alt=\"\" srcset=\"https:\/\/weeve.ca\/wp-content\/uploads\/2026\/02\/electrique-gagnant.jpg 1582w, https:\/\/weeve.ca\/wp-content\/uploads\/2026\/02\/electrique-gagnant-300x198.jpg 300w, https:\/\/weeve.ca\/wp-content\/uploads\/2026\/02\/electrique-gagnant-1024x677.jpg 1024w, https:\/\/weeve.ca\/wp-content\/uploads\/2026\/02\/electrique-gagnant-768x508.jpg 768w, https:\/\/weeve.ca\/wp-content\/uploads\/2026\/02\/electrique-gagnant-1536x1016.jpg 1536w\" sizes=\"(max-width: 1582px) 100vw, 1582px\" \/><\/div>\n\t\t<\/a>\n\t\t\t\t<div class=\"elementor-post__text\">\n\t\t\t\t<h2 class=\"elementor-post__title\">\n\t\t\t<a href=\"https:\/\/weeve.ca\/fr\/pourquoi-la-location-dune-voiture-electrique-pour-uber-est-un-choix-gagnant-%e2%9a%a1\/\" >\n\t\t\t\tPourquoi la location d\u2019une voiture \u00e9lectrique pour Uber est un choix gagnant ? \u26a1\t\t\t<\/a>\n\t\t<\/h2>\n\t\t\n\t\t<a class=\"elementor-post__read-more\" href=\"https:\/\/weeve.ca\/fr\/pourquoi-la-location-dune-voiture-electrique-pour-uber-est-un-choix-gagnant-%e2%9a%a1\/\" aria-label=\"En savoir plus sur Pourquoi la location d\u2019une voiture \u00e9lectrique pour Uber est un choix gagnant ? \u26a1\" tabindex=\"-1\" >\n\t\t\tContinuer la lecture\t\t<\/a>\n\n\t\t\t\t<\/div>\n\t\t\t\t<\/article>\n\t\t\t\t<article class=\"elementor-post elementor-grid-item post-3807 post type-post status-publish format-standard has-post-thumbnail hentry category-non-classe\" role=\"listitem\">\n\t\t\t\t<a class=\"elementor-post__thumbnail__link\" href=\"https:\/\/weeve.ca\/fr\/comment-rentabiliser-la-location-dune-voiture-electrique-pour-les-chauffeurs-uber-taxi\/\" tabindex=\"-1\" >\n\t\t\t<div class=\"elementor-post__thumbnail\"><img decoding=\"async\" width=\"453\" height=\"293\" src=\"https:\/\/weeve.ca\/wp-content\/uploads\/2026\/02\/location.png\" class=\"attachment-full size-full wp-image-3757\" alt=\"\" srcset=\"https:\/\/weeve.ca\/wp-content\/uploads\/2026\/02\/location.png 453w, https:\/\/weeve.ca\/wp-content\/uploads\/2026\/02\/location-300x194.png 300w\" sizes=\"(max-width: 453px) 100vw, 453px\" \/><\/div>\n\t\t<\/a>\n\t\t\t\t<div class=\"elementor-post__text\">\n\t\t\t\t<h2 class=\"elementor-post__title\">\n\t\t\t<a href=\"https:\/\/weeve.ca\/fr\/comment-rentabiliser-la-location-dune-voiture-electrique-pour-les-chauffeurs-uber-taxi\/\" >\n\t\t\t\tComment rentabiliser la location d&rsquo;une voiture \u00e9lectrique pour les chauffeurs Uber\/Taxi ?\t\t\t<\/a>\n\t\t<\/h2>\n\t\t\n\t\t<a class=\"elementor-post__read-more\" href=\"https:\/\/weeve.ca\/fr\/comment-rentabiliser-la-location-dune-voiture-electrique-pour-les-chauffeurs-uber-taxi\/\" aria-label=\"En savoir plus sur Comment rentabiliser la location d&rsquo;une voiture \u00e9lectrique pour les chauffeurs Uber\/Taxi ?\" tabindex=\"-1\" >\n\t\t\tContinuer la lecture\t\t<\/a>\n\n\t\t\t\t<\/div>\n\t\t\t\t<\/article>\n\t\t\t\t<article class=\"elementor-post elementor-grid-item post-3805 post type-post status-publish format-standard has-post-thumbnail hentry category-non-classe\" role=\"listitem\">\n\t\t\t\t<a class=\"elementor-post__thumbnail__link\" href=\"https:\/\/weeve.ca\/fr\/louer-une-voiture-electrique-a-montreal-une-opportunite-a-saisir-pour-les-chauffeurs-uber-taxi\/\" tabindex=\"-1\" >\n\t\t\t<div class=\"elementor-post__thumbnail\"><img decoding=\"async\" width=\"1198\" height=\"798\" src=\"https:\/\/weeve.ca\/wp-content\/uploads\/2026\/02\/capture.avif\" class=\"attachment-full size-full wp-image-3754\" alt=\"\" \/><\/div>\n\t\t<\/a>\n\t\t\t\t<div class=\"elementor-post__text\">\n\t\t\t\t<h2 class=\"elementor-post__title\">\n\t\t\t<a href=\"https:\/\/weeve.ca\/fr\/louer-une-voiture-electrique-a-montreal-une-opportunite-a-saisir-pour-les-chauffeurs-uber-taxi\/\" >\n\t\t\t\tLouer une voiture \u00e9lectrique \u00e0 Montr\u00e9al : Une opportunit\u00e9 \u00e0 saisir pour les chauffeurs Uber\/taxi\t\t\t<\/a>\n\t\t<\/h2>\n\t\t\n\t\t<a class=\"elementor-post__read-more\" href=\"https:\/\/weeve.ca\/fr\/louer-une-voiture-electrique-a-montreal-une-opportunite-a-saisir-pour-les-chauffeurs-uber-taxi\/\" aria-label=\"En savoir plus sur Louer une voiture \u00e9lectrique \u00e0 Montr\u00e9al : Une opportunit\u00e9 \u00e0 saisir pour les chauffeurs Uber\/taxi\" tabindex=\"-1\" >\n\t\t\tContinuer la lecture\t\t<\/a>\n\n\t\t\t\t<\/div>\n\t\t\t\t<\/article>\n\t\t\t\t<article class=\"elementor-post elementor-grid-item post-3803 post type-post status-publish format-standard has-post-thumbnail hentry category-non-classe\" role=\"listitem\">\n\t\t\t\t<a class=\"elementor-post__thumbnail__link\" href=\"https:\/\/weeve.ca\/fr\/comment-devenir-chauffeur-uber-avec-une-voiture-electrique\/\" tabindex=\"-1\" >\n\t\t\t<div class=\"elementor-post__thumbnail\"><img loading=\"lazy\" decoding=\"async\" width=\"1600\" height=\"899\" src=\"https:\/\/weeve.ca\/wp-content\/uploads\/2026\/02\/bureau.jpg\" class=\"attachment-full size-full wp-image-3748\" alt=\"\" srcset=\"https:\/\/weeve.ca\/wp-content\/uploads\/2026\/02\/bureau.jpg 1600w, https:\/\/weeve.ca\/wp-content\/uploads\/2026\/02\/bureau-300x169.jpg 300w, https:\/\/weeve.ca\/wp-content\/uploads\/2026\/02\/bureau-1024x575.jpg 1024w, https:\/\/weeve.ca\/wp-content\/uploads\/2026\/02\/bureau-768x432.jpg 768w, https:\/\/weeve.ca\/wp-content\/uploads\/2026\/02\/bureau-1536x863.jpg 1536w\" sizes=\"(max-width: 1600px) 100vw, 1600px\" \/><\/div>\n\t\t<\/a>\n\t\t\t\t<div class=\"elementor-post__text\">\n\t\t\t\t<h2 class=\"elementor-post__title\">\n\t\t\t<a href=\"https:\/\/weeve.ca\/fr\/comment-devenir-chauffeur-uber-avec-une-voiture-electrique\/\" >\n\t\t\t\tComment devenir chauffeur Uber avec une voiture \u00e9lectrique?\t\t\t<\/a>\n\t\t<\/h2>\n\t\t\n\t\t<a class=\"elementor-post__read-more\" href=\"https:\/\/weeve.ca\/fr\/comment-devenir-chauffeur-uber-avec-une-voiture-electrique\/\" aria-label=\"En savoir plus sur Comment devenir chauffeur Uber avec une voiture \u00e9lectrique?\" tabindex=\"-1\" >\n\t\t\tContinuer la lecture\t\t<\/a>\n\n\t\t\t\t<\/div>\n\t\t\t\t<\/article>\n\t\t\t\t<article class=\"elementor-post elementor-grid-item post-3801 post type-post status-publish format-standard has-post-thumbnail hentry category-non-classe\" role=\"listitem\">\n\t\t\t\t<a class=\"elementor-post__thumbnail__link\" href=\"https:\/\/weeve.ca\/fr\/louer-une-voiture-en-toute-confiance-les-questions-a-poser-avant-de-signer\/\" tabindex=\"-1\" >\n\t\t\t<div class=\"elementor-post__thumbnail\"><img loading=\"lazy\" decoding=\"async\" width=\"1000\" height=\"533\" src=\"https:\/\/weeve.ca\/wp-content\/uploads\/2026\/02\/Location-automobile.jpg\" class=\"attachment-full size-full wp-image-3745\" alt=\"\" srcset=\"https:\/\/weeve.ca\/wp-content\/uploads\/2026\/02\/Location-automobile.jpg 1000w, https:\/\/weeve.ca\/wp-content\/uploads\/2026\/02\/Location-automobile-300x160.jpg 300w, https:\/\/weeve.ca\/wp-content\/uploads\/2026\/02\/Location-automobile-768x409.jpg 768w\" sizes=\"(max-width: 1000px) 100vw, 1000px\" \/><\/div>\n\t\t<\/a>\n\t\t\t\t<div class=\"elementor-post__text\">\n\t\t\t\t<h2 class=\"elementor-post__title\">\n\t\t\t<a href=\"https:\/\/weeve.ca\/fr\/louer-une-voiture-en-toute-confiance-les-questions-a-poser-avant-de-signer\/\" >\n\t\t\t\tLouer une Voiture en Toute Confiance : Les Questions \u00e0 Poser Avant de Signer\t\t\t<\/a>\n\t\t<\/h2>\n\t\t\n\t\t<a class=\"elementor-post__read-more\" href=\"https:\/\/weeve.ca\/fr\/louer-une-voiture-en-toute-confiance-les-questions-a-poser-avant-de-signer\/\" aria-label=\"En savoir plus sur Louer une Voiture en Toute Confiance : Les Questions \u00e0 Poser Avant de Signer\" tabindex=\"-1\" >\n\t\t\tContinuer la lecture\t\t<\/a>\n\n\t\t\t\t<\/div>\n\t\t\t\t<\/article>\n\t\t\t\t<article class=\"elementor-post elementor-grid-item post-3799 post type-post status-publish format-standard has-post-thumbnail hentry category-non-classe\" role=\"listitem\">\n\t\t\t\t<a class=\"elementor-post__thumbnail__link\" href=\"https:\/\/weeve.ca\/fr\/louer-une-voiture-electrique-a-montreal-guide-pour-les-conducteurs-uber-taxi\/\" tabindex=\"-1\" >\n\t\t\t<div class=\"elementor-post__thumbnail\"><img loading=\"lazy\" decoding=\"async\" width=\"1080\" height=\"720\" src=\"https:\/\/weeve.ca\/wp-content\/uploads\/2026\/02\/VE-montreal.jpg\" class=\"attachment-full size-full wp-image-3742\" alt=\"\" srcset=\"https:\/\/weeve.ca\/wp-content\/uploads\/2026\/02\/VE-montreal.jpg 1080w, https:\/\/weeve.ca\/wp-content\/uploads\/2026\/02\/VE-montreal-300x200.jpg 300w, https:\/\/weeve.ca\/wp-content\/uploads\/2026\/02\/VE-montreal-1024x683.jpg 1024w, https:\/\/weeve.ca\/wp-content\/uploads\/2026\/02\/VE-montreal-768x512.jpg 768w\" sizes=\"(max-width: 1080px) 100vw, 1080px\" \/><\/div>\n\t\t<\/a>\n\t\t\t\t<div class=\"elementor-post__text\">\n\t\t\t\t<h2 class=\"elementor-post__title\">\n\t\t\t<a href=\"https:\/\/weeve.ca\/fr\/louer-une-voiture-electrique-a-montreal-guide-pour-les-conducteurs-uber-taxi\/\" >\n\t\t\t\tLouer une Voiture \u00c9lectrique \u00e0 Montr\u00e9al: Guide pour les Conducteurs Uber\/Taxi\t\t\t<\/a>\n\t\t<\/h2>\n\t\t\n\t\t<a class=\"elementor-post__read-more\" href=\"https:\/\/weeve.ca\/fr\/louer-une-voiture-electrique-a-montreal-guide-pour-les-conducteurs-uber-taxi\/\" aria-label=\"En savoir plus sur Louer une Voiture \u00c9lectrique \u00e0 Montr\u00e9al: Guide pour les Conducteurs Uber\/Taxi\" tabindex=\"-1\" >\n\t\t\tContinuer la lecture\t\t<\/a>\n\n\t\t\t\t<\/div>\n\t\t\t\t<\/article>\n\t\t\t\t<\/div>\n\t\t\t\t\t<span class=\"e-load-more-spinner\">\n\t\t\t\t<svg aria-hidden=\"true\" class=\"e-font-icon-svg e-fas-spinner\" viewBox=\"0 0 512 512\" xmlns=\"http:\/\/www.w3.org\/2000\/svg\"><path d=\"M304 48c0 26.51-21.49 48-48 48s-48-21.49-48-48 21.49-48 48-48 48 21.49 48 48zm-48 368c-26.51 0-48 21.49-48 48s21.49 48 48 48 48-21.49 48-48-21.49-48-48-48zm208-208c-26.51 0-48 21.49-48 48s21.49 48 48 48 48-21.49 48-48-21.49-48-48-48zM96 256c0-26.51-21.49-48-48-48S0 229.49 0 256s21.49 48 48 48 48-21.49 48-48zm12.922 99.078c-26.51 0-48 21.49-48 48s21.49 48 48 48 48-21.49 48-48c0-26.509-21.491-48-48-48zm294.156 0c-26.51 0-48 21.49-48 48s21.49 48 48 48 48-21.49 48-48c0-26.509-21.49-48-48-48zM108.922 60.922c-26.51 0-48 21.49-48 48s21.49 48 48 48 48-21.49 48-48-21.491-48-48-48z\"><\/path><\/svg>\t\t\t<\/span>\n\t\t\n\t\t\t\t<div class=\"e-load-more-anchor\" data-page=\"1\" data-max-page=\"2\" data-next-page=\"https:\/\/weeve.ca\/fr\/wp-json\/wp\/v2\/pages\/3202\/page\/2\/\"><\/div>\n\t\t\t\t<div class=\"e-load-more-message\"><\/div>\n\t\t\t\t\t\t<\/div>\n\t\t\t\t<\/div>\n\t\t\t\t\t<\/div>\n\t\t\t\t<\/div>\n\t\t<div class=\"elementor-element elementor-element-ed6717f e-flex e-con-boxed e-con e-parent\" data-id=\"ed6717f\" data-element_type=\"container\" data-e-type=\"container\" id=\"contact\" data-settings=\"{&quot;background_background&quot;:&quot;classic&quot;}\">\n\t\t\t\t\t<div class=\"e-con-inner\">\n\t\t\t\t<div class=\"elementor-element elementor-element-324503c elementor-headline--style-highlight elementor-widget elementor-widget-animated-headline\" data-id=\"324503c\" data-element_type=\"widget\" data-e-type=\"widget\" data-settings=\"{&quot;marker&quot;:&quot;underline&quot;,&quot;highlighted_text&quot;:&quot;questions ?&quot;,&quot;headline_style&quot;:&quot;highlight&quot;,&quot;loop&quot;:&quot;yes&quot;,&quot;highlight_animation_duration&quot;:1200,&quot;highlight_iteration_delay&quot;:8000}\" data-widget_type=\"animated-headline.default\">\n\t\t\t\t\t\t\t<h3 class=\"elementor-headline\">\n\t\t\t\t\t<span class=\"elementor-headline-plain-text elementor-headline-text-wrapper\">Des<\/span>\n\t\t\t\t<span class=\"elementor-headline-dynamic-wrapper elementor-headline-text-wrapper\">\n\t\t\t\t\t<span class=\"elementor-headline-dynamic-text elementor-headline-text-active\">questions ?<\/span>\n\t\t\t\t<\/span>\n\t\t\t\t<\/h3>\n\t\t\t\t\t\t<\/div>\n\t\t\t\t<div class=\"elementor-element elementor-element-2927d9c elementor-widget elementor-widget-text-editor\" data-id=\"2927d9c\" data-element_type=\"widget\" data-e-type=\"widget\" data-widget_type=\"text-editor.default\">\n\t\t\t\t\t\t\t\t\tContactez-nous pour toute demande\t\t\t\t\t\t\t\t<\/div>\n\t\t\t\t<div class=\"elementor-element elementor-element-47f4926 elementor-widget-mobile__width-inherit elementor-widget__width-inherit elementor-widget elementor-widget-html\" data-id=\"47f4926\" data-element_type=\"widget\" data-e-type=\"widget\" data-widget_type=\"html.default\">\n\t\t\t\t\t<div class=\"contact-set\">\r\n          <a href=\"tel:6472540812\" class=\"contact-item\" style=\"margin: 0;\">\r\n            <div class=\"icon-box\">\r\n                <svg xmlns=\"http:\/\/www.w3.org\/2000\/svg\" width=\"24\" height=\"24\" viewbox=\"0 0 24 24\" fill=\"none\" stroke=\"currentColor\" stroke-width=\"2\" stroke-linecap=\"round\" stroke-linejoin=\"round\" data-lucide=\"phone\" aria-hidden=\"true\" style=\"width: 24px; height: 24px;\" class=\"lucide lucide-phone\"><path d=\"M13.832 16.568a1 1 0 0 0 1.213-.303l.355-.465A2 2 0 0 1 17 15h3a2 2 0 0 1 2 2v3a2 2 0 0 1-2 2A18 18 0 0 1 2 4a2 2 0 0 1 2-2h3a2 2 0 0 1 2 2v3a2 2 0 0 1-.8 1.6l-.468.351a1 1 0 0 0-.292 1.233 14 14 0 0 0 6.392 6.384\"><\/path><\/svg>\r\n            <\/div>\r\n            <div>\r\n              <p class=\"contact-label\">APPELEZ-NOUS<\/p>\r\n              <p class=\"contact-value\">(647) 254-0812 <\/p>\r\n            <\/div>\r\n          <\/a>\r\n\r\n          <a href=\"mailto:support@weeve.ca\" class=\"contact-item\" style=\"margin: 0;\">\r\n            <div class=\"icon-box\">\r\n                <svg xmlns=\"http:\/\/www.w3.org\/2000\/svg\" width=\"24\" height=\"24\" viewbox=\"0 0 24 24\" fill=\"none\" stroke=\"currentColor\" stroke-width=\"2\" stroke-linecap=\"round\" stroke-linejoin=\"round\" data-lucide=\"mail\" aria-hidden=\"true\" style=\"width: 24px; height: 24px;\" class=\"lucide lucide-mail\"><path d=\"m22 7-8.991 5.727a2 2 0 0 1-2.009 0L2 7\"><\/path><rect x=\"2\" y=\"4\" width=\"20\" height=\"16\" rx=\"2\"><\/rect><\/svg>\r\n            <\/div>\r\n            <div>\r\n              <p class=\"contact-label\">Courriel<\/p>\r\n              <p class=\"contact-value\" style=\"text-transform: lowercase;\">support@weeve.ca<\/p>\r\n            <\/div>\r\n          <\/a>\r\n        <\/div>\t\t\t\t<\/div>\n\t\t\t\t\t<\/div>\n\t\t\t\t<\/div>\n\t\t\t\t<\/div>\n\t\t","protected":false},"excerpt":{"rendered":"<p>Blogue Des questions ? Contactez-nous pour toute demande APPELEZ-NOUS (647) 254-0812 Courriel support@weeve.ca<\/p>\n","protected":false},"author":2,"featured_media":0,"parent":0,"menu_order":0,"comment_status":"closed","ping_status":"closed","template":"elementor_header_footer","meta":{"footnotes":""},"class_list":["post-3202","page","type-page","status-publish","hentry"],"_hostinger_reach_plugin_has_subscription_block":false,"_hostinger_reach_plugin_is_elementor":false,"_links":{"self":[{"href":"https:\/\/weeve.ca\/fr\/wp-json\/wp\/v2\/pages\/3202","targetHints":{"allow":["GET"]}}],"collection":[{"href":"https:\/\/weeve.ca\/fr\/wp-json\/wp\/v2\/pages"}],"about":[{"href":"https:\/\/weeve.ca\/fr\/wp-json\/wp\/v2\/types\/page"}],"author":[{"embeddable":true,"href":"https:\/\/weeve.ca\/fr\/wp-json\/wp\/v2\/users\/2"}],"replies":[{"embeddable":true,"href":"https:\/\/weeve.ca\/fr\/wp-json\/wp\/v2\/comments?post=3202"}],"version-history":[{"count":26,"href":"https:\/\/weeve.ca\/fr\/wp-json\/wp\/v2\/pages\/3202\/revisions"}],"predecessor-version":[{"id":6908,"href":"https:\/\/weeve.ca\/fr\/wp-json\/wp\/v2\/pages\/3202\/revisions\/6908"}],"wp:attachment":[{"href":"https:\/\/weeve.ca\/fr\/wp-json\/wp\/v2\/media?parent=3202"}],"curies":[{"name":"wp","href":"https:\/\/api.w.org\/{rel}","templated":true}]}}