{"id":3200,"date":"2026-02-17T14:48:33","date_gmt":"2026-02-17T14:48:33","guid":{"rendered":"https:\/\/weeve.ca\/merci\/"},"modified":"2026-03-24T10:54:35","modified_gmt":"2026-03-24T10:54:35","slug":"merci","status":"publish","type":"page","link":"https:\/\/weeve.ca\/fr\/merci\/","title":{"rendered":"Merci"},"content":{"rendered":"\t\t<div data-elementor-type=\"wp-page\" data-elementor-id=\"3200\" class=\"elementor elementor-3200 elementor-2842\" data-elementor-post-type=\"page\">\n\t\t\t\t<div class=\"elementor-element elementor-element-a7465c3 e-flex e-con-boxed e-con e-parent\" data-id=\"a7465c3\" data-element_type=\"container\" data-e-type=\"container\">\n\t\t\t\t\t<div class=\"e-con-inner\">\n\t\t\t\t<div class=\"elementor-element elementor-element-8e22c22 elementor-widget elementor-widget-html\" data-id=\"8e22c22\" data-element_type=\"widget\" data-e-type=\"widget\" data-widget_type=\"html.default\">\n\t\t\t\t\t     <!-- Background decorative elements -->\r\n        <div class=\"bg-blur blur-1\"><\/div>\r\n        <div class=\"bg-blur blur-2\"><\/div>\r\n\r\n        <!-- Thank You Card -->\r\n        <div class=\"card\">\r\n            \r\n            <!-- Success Icon -->\r\n            <div class=\"icon-wrapper\">\r\n                <div class=\"icon-glow\"><\/div>\r\n                <!-- Lucide CheckCircle2 Icon converted to pure SVG -->\r\n                <svg xmlns=\"http:\/\/www.w3.org\/2000\/svg\" class=\"success-icon\" width=\"88\" height=\"88\" viewbox=\"0 0 24 24\" fill=\"none\" stroke=\"currentColor\" stroke-width=\"1.5\" stroke-linecap=\"round\" stroke-linejoin=\"round\">\r\n                    <circle cx=\"12\" cy=\"12\" r=\"10\"><\/circle>\r\n                    <path d=\"m9 12 2 2 4-4\"><\/path>\r\n                <\/svg>\r\n            <\/div>\r\n\r\n            <!-- Typography -->\r\n            <h1>Merci!<\/h1>\r\n            <p class=\"message\">\r\n Votre demande a bien \u00e9t\u00e9 re\u00e7ue. Notre \u00e9quipe vous contactera prochainement pour vous donner les d\u00e9tails de votre trajet premium.\r\n            <\/p>\r\n\r\n            <!-- Action Buttons -->\r\n            <div class=\"button-group\">\r\n                <a href=\"https:\/\/weeve.ca\/fr\/\" class=\"btn btn-primary\">\r\n                    <!-- Home Icon -->\r\n                    <svg xmlns=\"http:\/\/www.w3.org\/2000\/svg\" width=\"18\" height=\"18\" viewbox=\"0 0 24 24\" fill=\"none\" stroke=\"currentColor\" stroke-width=\"2\" stroke-linecap=\"round\" stroke-linejoin=\"round\">\r\n                        <path d=\"m3 9 9-7 9 7v11a2 2 0 0 1-2 2H5a2 2 0 0 1-2-2z\"><\/path>\r\n                        <polyline points=\"9 22 9 12 15 12 15 22\"><\/polyline>\r\n                    <\/svg>\r\n PAGE D'ACCUEIL\r\n                <\/a>\r\n                \r\n                <a href=\"https:\/\/weeve.ca\/fr\/nos-voitures\/\" class=\"btn btn-secondary\">\r\n NOS VOITURES\r\n                    <!-- Arrow Right Icon -->\r\n                    <svg xmlns=\"http:\/\/www.w3.org\/2000\/svg\" width=\"18\" height=\"18\" viewbox=\"0 0 24 24\" fill=\"none\" stroke=\"currentColor\" stroke-width=\"2\" stroke-linecap=\"round\" stroke-linejoin=\"round\">\r\n                        <path d=\"M5 12h14\"><\/path>\r\n                        <path d=\"m12 5 7 7-7 7\"><\/path>\r\n                    <\/svg>\r\n                <\/a>\r\n            <\/div>\r\n            \r\n            <!-- Divider & Support Info -->\r\n            <div class=\"support-info\">\r\n                <p>\r\n Vous avez des questions ? Appelez-nous au <a href=\"tel:6472540812\">(647) 254-0812<\/a>\r\n                <\/p>\r\n            <\/div>\r\n\r\n        <\/div>\t\t\t\t<\/div>\n\t\t\t\t\t<\/div>\n\t\t\t\t<\/div>\n\t\t\t\t<\/div>\n\t\t","protected":false},"excerpt":{"rendered":"<p>Merci! Votre demande a bien \u00e9t\u00e9 re\u00e7ue. Notre \u00e9quipe vous contactera prochainement pour vous donner les d\u00e9tails de votre trajet premium. PAGE D&rsquo;ACCUEIL NOS VOITURES Vous avez des questions ? Appelez-nous au (647) 254-0812<\/p>\n","protected":false},"author":1,"featured_media":0,"parent":0,"menu_order":0,"comment_status":"closed","ping_status":"closed","template":"elementor_header_footer","meta":{"footnotes":""},"class_list":["post-3200","page","type-page","status-publish","hentry"],"_hostinger_reach_plugin_has_subscription_block":false,"_hostinger_reach_plugin_is_elementor":false,"_links":{"self":[{"href":"https:\/\/weeve.ca\/fr\/wp-json\/wp\/v2\/pages\/3200","targetHints":{"allow":["GET"]}}],"collection":[{"href":"https:\/\/weeve.ca\/fr\/wp-json\/wp\/v2\/pages"}],"about":[{"href":"https:\/\/weeve.ca\/fr\/wp-json\/wp\/v2\/types\/page"}],"author":[{"embeddable":true,"href":"https:\/\/weeve.ca\/fr\/wp-json\/wp\/v2\/users\/1"}],"replies":[{"embeddable":true,"href":"https:\/\/weeve.ca\/fr\/wp-json\/wp\/v2\/comments?post=3200"}],"version-history":[{"count":5,"href":"https:\/\/weeve.ca\/fr\/wp-json\/wp\/v2\/pages\/3200\/revisions"}],"predecessor-version":[{"id":6658,"href":"https:\/\/weeve.ca\/fr\/wp-json\/wp\/v2\/pages\/3200\/revisions\/6658"}],"wp:attachment":[{"href":"https:\/\/weeve.ca\/fr\/wp-json\/wp\/v2\/media?parent=3200"}],"curies":[{"name":"wp","href":"https:\/\/api.w.org\/{rel}","templated":true}]}}